{"id":134,"date":"2025-12-02T16:38:09","date_gmt":"2025-12-02T15:38:09","guid":{"rendered":"https:\/\/felix-mentaltraining.de\/web\/?page_id=134"},"modified":"2026-03-24T16:59:21","modified_gmt":"2026-03-24T15:59:21","slug":"ueber-mich","status":"publish","type":"page","link":"https:\/\/felix-mentaltraining.de\/web\/ueber-mich\/","title":{"rendered":"\u00dcber mich"},"content":{"rendered":"<div class=\"et_pb_section_0 et_pb_section et_section_regular et_flex_section\">\n<div class=\"et_pb_row_0 et_pb_row et_flex_row\">\n<div class=\"et_pb_column_0 et_pb_column et_flex_column et_pb_css_mix_blend_mode_passthrough et_flex_column_6_24 et_flex_column_6_24_tablet et_flex_column_24_24_phone\">\n<div class=\"et_pb_image_0 et_pb_image et_pb_module et_flex_module\"><span class=\"et_pb_image_wrap\"><img loading=\"lazy\" decoding=\"async\" src=\"https:\/\/felix-mentaltraining.de\/web\/wp-content\/uploads\/2025\/12\/Eveline-Felix-Wald.webp\" alt=\"Mindset-Coach Evelin Felix balancierend im Wald\" width=\"1501\" height=\"2100\" srcset=\"https:\/\/felix-mentaltraining.de\/web\/wp-content\/uploads\/2025\/12\/Eveline-Felix-Wald.webp 1501w, https:\/\/felix-mentaltraining.de\/web\/wp-content\/uploads\/2025\/12\/Eveline-Felix-Wald-1280x1791.webp 1280w, https:\/\/felix-mentaltraining.de\/web\/wp-content\/uploads\/2025\/12\/Eveline-Felix-Wald-980x1371.webp 980w, https:\/\/felix-mentaltraining.de\/web\/wp-content\/uploads\/2025\/12\/Eveline-Felix-Wald-480x672.webp 480w\" sizes=\"(min-width: 0px) and (max-width: 480px) 480px, (min-width: 481px) and (max-width: 980px) 980px, (min-width: 981px) and (max-width: 1280px) 1280px, (min-width: 1281px) 1501px, 100vw\" class=\"wp-image-183\" \/><\/span><\/div>\n<\/div>\n\n<div class=\"et_pb_column_1 et_pb_column et-last-child et_flex_column et_pb_css_mix_blend_mode_passthrough et_flex_column_18_24 et_flex_column_18_24_tablet et_flex_column_24_24_phone\">\n<div class=\"et_pb_text_0 et_pb_text et_pb_bg_layout_light et_pb_module et_flex_module preset--group--divi-text--divi-font-header--tuss03ba7u\"><div class=\"et_pb_text_inner\"><h1>\u00dcber mich<\/h1>\n<\/div><\/div>\n\n<div class=\"et_pb_text_1 et_pb_text et_pb_bg_layout_light et_pb_module et_flex_module\"><div class=\"et_pb_text_inner\"><p>Ich begann eine intensive Ausbildung zum Mindset Coach, die sich \u00fcber zwei Jahre erstreckte. Es hat mir viel Freude bereitet, mich kennen zu lernen, damit meine ich: mein wirkliches ICH.<\/p>\n<p>Heute bin ich eine andere Frau und doch mehr \u201eich selbst\u201c, als ich es je war. Voller Frohsinn, voller Neugier, mit Klarheit im Kopf, mit innerer Ruhe im Alltag.<\/p>\n<\/div><\/div>\n<\/div>\n<\/div>\n<\/div>\n\n<div class=\"et_pb_section_1 et_pb_section et_section_regular et_flex_section\">\n<div class=\"et_pb_row_1 et_pb_row et_flex_row\">\n<div class=\"et_pb_column_2 et_pb_column et-last-child et_flex_column et_pb_css_mix_blend_mode_passthrough et_flex_column_24_24 et_flex_column_24_24_tablet et_flex_column_24_24_phone\">\n<div class=\"et_pb_text_2 et_pb_text et_pb_bg_layout_light et_pb_module et_flex_module preset--group--divi-text--divi-font-header--tuss03ba7u\"><div class=\"et_pb_text_inner\"><p>In meiner Ausbildung zum Mindset Coach bei Christian Bischoff habe ich in der Tiefe an mir gearbeitet und Erfahrungen gesammelt, wie die erlernten Methoden und Techniken meinen Selbstwert, mein Selbstbewusstsein und meine Selbst-ein-wirkung erwachen lie\u00dfen. Durch fortw\u00e4hrende Selbstanwendung der Methoden und Techniken erlebe ich, wie positiv sich diese auf meine Lebensqualit\u00e4t, mein Lebensgef\u00fchl auswirken und mir ein Leben in Ruhe und Zufriedenheit erm\u00f6glichen. Probleml\u00f6sungen sind schnell gefunden.<\/p>\n<\/div><\/div>\n\n<div class=\"et_pb_text_3 et_pb_text et_pb_bg_layout_light et_pb_module et_flex_module preset--group--divi-text--divi-font-header--tuss03ba7u\"><div class=\"et_pb_text_inner\"><h2>Was ich tue<\/h2>\n<p>Ich unterst\u00fctze Menschen dabei, ihre mentalen F\u00e4higkeiten zu entdecken, zu verbessern und in ihren t\u00e4glichen Gebrauch aufzunehmen, um ihre ganz pers\u00f6nlichen Ziele einfacher und leichter zu erreichen. Wir entwickeln Strategien, um Herausforderungen besser zu meistern und Hindernisse zu \u00fcberwinden.<\/p>\n<p>Dies umfasst unter anderem Techniken zur Verbesserung des Selbstbewusstseins und Selbstvertrauens, zur Konzentrationssteigerung, Motivation und Stressbew\u00e4ltigung.<\/p>\n<p>Als Mentaltrainerin unterst\u00fctze ich Dich dabei hinderliche Gedankenmuster zu erkennen und zu ver\u00e4ndern, Situationen aus verschiedenen Winkeln zu betrachten, um Deine St\u00e4rken in verschiedenen Lebensbereichen zu verbessern, sei es im Alltag, im Beruf, in Beziehungen oder im Sport.<\/p>\n<p>Durch gezielte \u00dcbungen, Gespr\u00e4che und Aufgaben f\u00f6rdere ich die Selbstreflexion und die Entwicklung positiver Gedanken, um Ziele klarer zu definieren.<\/p>\n<\/div><\/div>\n<\/div>\n<\/div>\n\n<div class=\"et_pb_row_2 et_pb_row et_flex_row\">\n<div class=\"et_pb_column_3 et_pb_column et-last-child et_flex_column et_pb_css_mix_blend_mode_passthrough et_flex_column_24_24 et_flex_column_24_24_tablet et_flex_column_24_24_phone\">\n<div class=\"et_pb_group_0 et_pb_group et-last-child et_pb_module et_flex_group et_pb_css_mix_blend_mode_passthrough\">\n<div class=\"et_pb_text_4 et_pb_text et_pb_bg_layout_dark et_pb_module et_flex_module\"><div class=\"et_pb_text_inner\"><p>Kostenloses Klarkeitsgespr\u00e4ch buchen:<\/p>\n<\/div><\/div>\n\n<div class=\"et_pb_module et_pb_button_module_wrapper et_pb_button_0_wrapper preset--group--divi-button--divi-button--iejn88byui_wrapper\"><a class=\"et_pb_button_0 et_pb_button et_pb_bg_layout_dark et_pb_module et_flex_module preset--group--divi-button--divi-button--iejn88byui\" href=\"tel:+491624192325\" data-icon=\"\ue090\">0 162-419 23 25<\/a><\/div>\n<\/div>\n<\/div>\n<\/div>\n\n<div class=\"et_pb_row_3 et_pb_row et_flex_row\">\n<div class=\"et_pb_column_4 et_pb_column et-last-child et_flex_column et_pb_css_mix_blend_mode_passthrough et_flex_column_24_24 et_flex_column_24_24_tablet et_flex_column_24_24_phone\">\n<div class=\"et_pb_text_5 et_pb_text et_pb_bg_layout_light et_pb_module et_flex_module preset--group--divi-text--divi-font-header--tuss03ba7u\"><div class=\"et_pb_text_inner\"><p>Die Art und Weise, wie wir denken, bestimmt, welches Leben wir f\u00fchren.<\/p>\n<p>Dies wird im Mentaltraining bewusst gemacht.<\/p>\n<p>Alte Denkmuster \/ Bewertungen \/ Konditionierungen \/ Glaubenss\u00e4tze \/ \u00dcberzeugungen, die oft noch aus Kindertagen stammen, haben heute h\u00e4ufig keine G\u00fcltigkeit mehr, diese werden aus heutiger Sicht noch einmal neu und aus anderen Perspektiven betrachtet, aus der Sicht eines erwachsenen Menschen.<\/p>\n<p>Dadurch wird es m\u00f6glich alte \u00dcberzeugungen loszulassen.<\/p>\n<p>Es entsteht ein anderes Verst\u00e4ndnis, eine neue Betrachtungsweise und damit kommst Du in eine andere Handlung. Die inneren Systeme k\u00f6nnen zur Ruhe kommen, die \u00c4ngste d\u00fcrfen vergehen, der Schmerz darf nachlassen oder sich sogar aufl\u00f6sen.<\/p>\n<\/div><\/div>\n\n<div class=\"et_pb_text_6 et_pb_text et_pb_bg_layout_light et_pb_module et_flex_module preset--group--divi-text--divi-font-header--tuss03ba7u\"><div class=\"et_pb_text_inner\"><h2>Das macht mich aus<\/h2>\n<p>Ich bin eine richtungsweisende Impulsgeberin, die nach tiefem Wissen und Verst\u00e4ndnis strebt, die Wert auf fundierte Grundlagen und Sicherheit durch Wissen legt. Ich gehe entschlossen den Dingen auf den Grund und gehe dabei sorgf\u00e4ltig und empathisch vor.<\/p>\n<\/div><\/div>\n<\/div>\n<\/div>\n<\/div>","protected":false},"excerpt":{"rendered":"","protected":false},"author":2,"featured_media":0,"parent":0,"menu_order":0,"comment_status":"closed","ping_status":"closed","template":"","meta":{"footnotes":""},"class_list":["post-134","page","type-page","status-publish","hentry"],"_links":{"self":[{"href":"https:\/\/felix-mentaltraining.de\/web\/wp-json\/wp\/v2\/pages\/134","targetHints":{"allow":["GET"]}}],"collection":[{"href":"https:\/\/felix-mentaltraining.de\/web\/wp-json\/wp\/v2\/pages"}],"about":[{"href":"https:\/\/felix-mentaltraining.de\/web\/wp-json\/wp\/v2\/types\/page"}],"author":[{"embeddable":true,"href":"https:\/\/felix-mentaltraining.de\/web\/wp-json\/wp\/v2\/users\/2"}],"replies":[{"embeddable":true,"href":"https:\/\/felix-mentaltraining.de\/web\/wp-json\/wp\/v2\/comments?post=134"}],"version-history":[{"count":31,"href":"https:\/\/felix-mentaltraining.de\/web\/wp-json\/wp\/v2\/pages\/134\/revisions"}],"predecessor-version":[{"id":541,"href":"https:\/\/felix-mentaltraining.de\/web\/wp-json\/wp\/v2\/pages\/134\/revisions\/541"}],"wp:attachment":[{"href":"https:\/\/felix-mentaltraining.de\/web\/wp-json\/wp\/v2\/media?parent=134"}],"curies":[{"name":"wp","href":"https:\/\/api.w.org\/{rel}","templated":true}]}}